{"id":7497,"date":"2024-06-14T14:37:45","date_gmt":"2024-06-14T14:37:45","guid":{"rendered":"https:\/\/vex-play.com\/privacy-statement-eu\/"},"modified":"2024-06-14T14:37:45","modified_gmt":"2024-06-14T14:37:45","slug":"privacy-statement-eu","status":"publish","type":"page","link":"https:\/\/vex-play.com\/de\/privacy-statement-eu\/","title":{"rendered":"Privacy Statement (EU)"},"content":{"rendered":"<!-- Legal document generated by Complianz | GDPR\/CCPA Cookie Consent https:\/\/wordpress.org\/plugins\/complianz-gdpr -->\n<div id=\"cmplz-document\" class=\"cmplz-document privacy-statement cmplz-document-eu\"><p><i>Diese Datenschutzerkl\u00e4rung wurde zuletzt am November 21, 2025 aktualisiert und gilt f\u00fcr B\u00fcrger und Personen mit st\u00e4ndigem Wohnsitz im Europ\u00e4ischen Wirtschaftsraum und der Schweiz.<\/i><br \/><br \/><\/p><p><p>In dieser Datenschutzerkl\u00e4rung erkl\u00e4ren wir, was wir mit den Daten, die wir \u00fcber dich via <a href=\"https:\/\/vex-play.com\/de\">https:\/\/vex-play.com\/de<\/a> gesammelt haben, tun. Wir empfehlen Ihnen, dieses Dokument sorgf\u00e4ltig zu lesen. W\u00e4hrend unserer Verarbeitung entsprechen wir den gesetzlichen Anforderungen. Dies bedeutet unter anderem:<\/p><ul>\n                <li>Wir geben klar die Zwecke f\u00fcr die Verarbeitung personenbezogener Daten an. Dies geschieht durch diese Datenschutzerkl\u00e4rung.<\/li>\n                <li>Wir zielen darauf ab, unsere Sammlung von pers\u00f6nlichen Daten auf jene pers\u00f6nlichen Daten zu beschr\u00e4nken, die aus legitimen Gr\u00fcnden ben\u00f6tigt werden.<\/li>\n                <li>Wir werden zun\u00e4chst dein explizites Einverst\u00e4ndnis einholen, wenn dies notwendig sein sollte, um deine pers\u00f6nlichen Daten zu verarbeiten.<\/li>\n                <li>Wir unternehmen angemessene Sicherheitsma\u00dfnahmen, um Ihre personenbezogenen Daten zu sch\u00fctzen und zu verlangen, dass dies ebenso von Parteien geschieht, die personenbezogene Daten in unserem Auftrag verarbeiten.<\/li>\n                <li>Wir respektieren Ihr Recht auf Einsichtnahme, Meldung oder L\u00f6schung Ihrer personenbezogenen Daten.<\/li>\n            <\/ul><p>Wenn Sie Fragen haben oder wissen m\u00f6chten, welche pers\u00f6nlichen Daten wir \u00fcber Sie haben, kontaktieren Sie uns bitte.<\/p><\/p><h2>1. Zweck, Daten und Aufbewahrungsfrist<\/h2>Wir k\u00f6nnen personenbezogene Daten f\u00fcr eine Reihe von Zwecken im Zusammenhang mit unserer Gesch\u00e4ftst\u00e4tigkeit sammeln oder erhalten, darunter die folgenden: (zum Vergr\u00f6\u00dfern anklicken)<details class=\"cmplz-dropdown dropdown-privacy-statement\"><summary><div><h3>1.1 Kontakt \u2013 per Telefon, Post, E-Mail und\/oder Webformate<\/h3><\/div><\/summary><p class=\"cmplz-subtitle\">Zu diesem Zweck verwenden wir die folgenden Daten:<\/p><p><ul><li>Ein Vor- und Nachname<\/li><li>Eine E-Mail-Adresse<\/li><li>Eine Telefonnummer<\/li><\/ul><\/p><p class=\"cmplz-subtitle\">Die Grundlage, auf der wir diese Daten verarbeiten k\u00f6nnen, ist:<\/p><p><a target=\"_blank\" rel=\"noopener noreferrer nofollow\" href=\"https:\/\/cookiedatabase.org\/legal-bases\/#consent\">Nach Erteilung der Zustimmung.<\/a><\/p><p class=\"cmplz-subtitle\">Aufbewahrungsfrist<\/p><p>Wir speichern diese Daten bei Beendigung des Dienstes f\u00fcr die folgenden Monate: 60<\/p><\/details><details class=\"cmplz-dropdown dropdown-privacy-statement\"><summary><div><h3>1.2 Rundschreiben<\/h3><\/div><\/summary><p class=\"cmplz-subtitle\">Zu diesem Zweck verwenden wir die folgenden Daten:<\/p><p><ul><li>Ein Vor- und Nachname<\/li><li>Eine Telefonnummer<\/li><li>Eine E-Mail-Adresse<\/li><\/ul><\/p><p class=\"cmplz-subtitle\">Die Grundlage, auf der wir diese Daten verarbeiten k\u00f6nnen, ist:<\/p><p><a target=\"_blank\" rel=\"noopener noreferrer nofollow\" href=\"https:\/\/cookiedatabase.org\/legal-bases\/#consent\">Nach Erteilung der Zustimmung.<\/a><\/p><p class=\"cmplz-subtitle\">Aufbewahrungsfrist<\/p><p>Wir speichern diese Daten bei Beendigung des Dienstes f\u00fcr die folgenden Monate: 60<\/p><\/details><h2>2. Cookies<\/h2><p>Unsere Website verwendet Cookies. Weitere Informationen zu Cookies finden Sie unter unseren <a href=\"https:\/\/vex-play.com\/de\/cookie-policy-eu\/\">Cookie-Richtlinien<\/a> nach.&nbsp;<\/p><h2>3. Offenlegungspraktiken<\/h2><p><p>Wir legen personenbezogene Daten offen, wenn wir gesetzlich oder per Gerichtsbeschluss dazu verpflichtet sind, z. B. auf Anforderung einer Strafverfolgungsbeh\u00f6rde, soweit dies im Rahmen der gesetzlichen Bestimmungen zul\u00e4ssig ist, um Ausk\u00fcnfte zu erteilen, oder f\u00fcr eine Untersuchung in einer Angelegenheit, die die \u00f6ffentliche Sicherheit betrifft.<\/p><p>Wenn unsere Website oder unser Unternehmen im Rahmen einer Fusion oder \u00dcbernahme \u00fcbernommen oder verkauft wird, k\u00f6nnen Ihre Daten unseren Beratern und potenziellen K\u00e4ufern offengelegt und an den neuen Eigent\u00fcmer \u00fcbermittelt werden.<\/p><\/p><p>Wir verf\u00fcgen \u00fcber eine Datenverarbeitungsvereinbarung mit Google.<\/p><p>Die Einbeziehung der vollst\u00e4ndigen IP-Adresse ist von uns blockiert.<\/p><h2>4. Sicherheit<\/h2><p>Wir sind der Sicherheit pers\u00f6nlicher Daten verpflichtet. Wir unternehmen entsprechende Sicherheitsma\u00dfnahmen, um Missbrauch und unbefugten Zugriff auf personenbezogene Daten zu begrenzen. Dies stellt sicher, dass nur notwendige Personen Zugriff auf Ihre Daten erhalten, dieser Zugriff gesch\u00fctzt ist und dass unsere Sicherheitsma\u00dfnahmen regelm\u00e4\u00dfig gepr\u00fcft werden.<\/p><h2>5. Websites von Drittanbietern<\/h2><p>Diese Datenschutzerkl\u00e4rung gilt nicht f\u00fcr Websites von Drittanbietern, die durch Links auf unserer Website verbunden sind. Wir k\u00f6nnen nicht garantieren, dass diese Drittanbieter Ihre pers\u00f6nlichen Daten in zuverl\u00e4ssiger oder sicherer Weise behandeln. Wir empfehlen Ihnen, die Datenschutzerkl\u00e4rungen dieser Websites vor deren Nutzung zu lesen.<\/p><h2>6. Erg\u00e4nzungen zu dieser Datenschutzerkl\u00e4rung<\/h2><p>Wir behalten uns das Recht vor, \u00c4nderungen an dieser Datenschutzerkl\u00e4rung vorzunehmen. Es wird empfohlen, diese Datenschutzerkl\u00e4rung regelm\u00e4\u00dfig zu lesen, um sich \u00fcber \u00c4nderungen zu informieren. Dar\u00fcber hinaus informieren wir dich wo immer m\u00f6glich.<\/p><h2>7. Zugriff und Ihre Bearbeitungsdaten<\/h2><p>Wenn Sie Fragen haben oder wissen m\u00f6chten, welche pers\u00f6nlichen Daten wir \u00fcber Sie haben, kontaktieren Sie uns bitte. Du kannst uns \u00fcber die unten stehenden Informationen erreichen. Du hast die folgenden Rechte:<\/p><ul>\n                <li>Du hast das Recht zu wissen, warum deine pers\u00f6nlichen Daten verwendet werden, was mit ihnen passiert und wie lange diese verwahrt werden.<\/li>\n                <li>Zugriffsrecht: Du hast das Recht deine uns bekannten pers\u00f6nlichen Daten einzusehen.<\/li>\n                <li>Recht auf Meldung: Du hast das Recht wann immer du w\u00fcnschst, deine pers\u00f6nlichen Daten zu erg\u00e4nzen, zu korrigieren sowie zu l\u00f6schen oder zu blockieren.<\/li>\n                <li>Wenn du uns dein Einverst\u00e4ndnis zur Verarbeitung deiner Daten gegeben hast, hast du das Recht, dieses Einverst\u00e4ndnis zu widerrufen und deine pers\u00f6nlichen Daten l\u00f6schen zu lassen.<\/li>\n                <li>Recht auf Datentransfer deiner Daten: Du hast das Recht, alle deine pers\u00f6nlichen Daten von einem Verantwortlichen anzufordern und in ihrer Gesamtheit an einen anderen Verantwortlichen zu \u00fcbertragen.<\/li>\n                <li>Widerspruchsrecht: Du kannst der Verarbeitung deiner Daten widersprechen. Wir entsprechen dem, es sei denn, es gibt berechtigte Gr\u00fcnde f\u00fcr die Verarbeitung.<\/li>\n            <\/ul><p>Bitte stellen Sie sicher, dass Sie sich immer dar\u00fcber im Klaren sind, wer Sie sind, sodass wir sicher sein k\u00f6nnen, dass die Daten der falschen Person nicht bearbeitet oder gel\u00f6scht werden k\u00f6nnen.<\/p><h2>8. Eine Beschwerde \u00fcbermitteln<\/h2><p>Wenn Sie mit der Art und Weise nicht zufrieden sind, in der wir (Ihre Beschwerde) die Verarbeitung Ihrer personenbezogenen Daten handhaben, haben Sie das Recht, eine Beschwerde an die Datenschutzbeh\u00f6rde zu richten.<\/p><h2>9. Datenschutzbeauftragter<\/h2><p>Unser Datenschutzbeauftragter ist bei der Datenschutzbeh\u00f6rde in einem EU-Mitgliedstaat registriert. Wenn Sie Fragen oder W\u00fcnsche zu dieser Datenschutzerkl\u00e4rung oder zum Datenschutzbeauftragten haben, k\u00f6nnen Sie Julien Bergiers \u00fcber oder jbergiers@j2-studio.com kontaktieren.<\/p><h2>10. Kontaktdaten<\/h2><p>JSquare Studio<br \/>\n        44a Rue Haute<br \/>\r\n1435 Corbais<br \/>\r\nBelgien<br \/>\n        Belgien<br \/>\n        Webseite: <a href=\"https:\/\/vex-play.com\/de\">https:\/\/vex-play.com\/de<\/a> <br \/>\n        E-Mail: <span class=\"cmplz-obfuscate\">i&#110;fo@<span class=\"cmplz-fmail-domain\">e&#120;&#046;&#099;om<\/span>&#118;e&#120;-&#112;lay.&#099;om<\/span> <br \/>\n        <\/p><h2>Anhang<\/h2><p><h2>Wirklich einfache Sicherheit<\/h2><p>Really Simple Security und die Really Simple Security-Add-ons verarbeiten keine personenbezogenen Daten. Daher findet die DSGVO auf diese Plugins und deren Nutzung auf Ihrer Website keine Anwendung. Unsere Datenschutzerkl\u00e4rung finden Sie hier. <a href=\"https:\/\/really-simple-ssl.com\/privacy-statement\/\">Hier<\/a>.<\/p><h2>Popup-Maker<\/h2><p>Hallo,<\/p><p>Diese Informationen dienen als Leitfaden daf\u00fcr, welche Abschnitte aufgrund der Verwendung von Popup Maker und seinen Erweiterungen angepasst werden m\u00fcssen.<\/p><p>Sie sollten die folgenden Informationen in die entsprechenden Abschnitte Ihrer Datenschutzerkl\u00e4rung einf\u00fcgen.<\/p><p><strong>Haftungsausschluss:<\/strong> Diese Informationen dienen lediglich der Orientierung und stellen keine Rechtsberatung dar.<\/p><p><strong>Notiz:<\/strong> Einige der unten stehenden Informationen werden dynamisch generiert, beispielsweise Cookies. Wenn Sie Popups hinzuf\u00fcgen oder \u00e4ndern, werden diese Erg\u00e4nzungen oder \u00c4nderungen unten angezeigt und Sie m\u00fcssen Ihre Richtlinien entsprechend aktualisieren.<\/p><h2>Welche personenbezogenen Daten wir erheben und warum wir sie erheben<\/h2><h3>Anmeldeformulare<\/h3><p>Die Abonnementformulare von Popup Maker sind nicht standardm\u00e4\u00dfig aktiviert.<\/p><p>Wenn Sie Popups zur Gewinnung von E-Mail-Abonnenten verwendet haben, nutzen Sie diesen Unterabschnitt, um zu vermerken, welche personenbezogenen Daten beim Absenden eines Anmeldeformulars erfasst werden und wie lange Sie diese speichern.<\/p><p>Beispielsweise k\u00f6nnten Sie vermerken, dass Sie Formulareinsendungen f\u00fcr laufende Marketingzwecke aufbewahren.<\/p><p>&lt;strong class=&quot;&rdquo;privacy-policy-tutorial&rdquo;&quot;&gt;Vorschlagstext: &lt;\/strong&gt;Wenn Sie ein Abonnementformular auf unserer Website absenden, erkl&auml;ren Sie sich damit einverstanden, dass wir Ihren Namen, Ihre E-Mail-Adresse und weitere relevante Informationen speichern.<\/p><p>Diese Abonnements dienen dazu, Sie \u00fcber verwandte Inhalte, Rabatte und andere Sonderangebote zu informieren.<\/p><p>Sie k\u00f6nnen sich jederzeit in der Zukunft abmelden, indem Sie auf den Link am Ende jeder E-Mail klicken.<\/p><h3>Cookies<\/h3><p>Popup Maker verwendet Cookies f\u00fcr die meisten Popups. Der Hauptzweck besteht darin, zu verhindern, dass Ihre Nutzer durch das wiederholte Anzeigen desselben Popups bel\u00e4stigt werden.<\/p><p>Dies kann dazu f\u00fchren, dass Cookies \u00fcber einen l\u00e4ngeren Zeitraum gespeichert werden. Es handelt sich dabei um nicht-tracking-Cookies, die ausschlie\u00dflich von unseren Pop-ups verwendet werden.<\/p><p>Nachfolgend finden Sie eine Liste aller Cookies, die aktuell in Ihren Popup-Einstellungen gespeichert sind. Sie k\u00f6nnen diese Cookies bei Bedarf offenlegen.<\/p><table><tr>Cookie-NameNutzungszeit<\/tr><tr>pum-5860 \u2013 Cookie, das verhindert, dass Popups wiederholt angezeigt werden. 1 Monat<\/tr><tr>pum-6319 \u2013 Cookie, das verhindert, dass Popups wiederholt angezeigt werden. 1 Monat<\/tr><\/table><p>&lt;strong class=&quot;&rdquo;privacy-policy-tutorial&rdquo;&quot;&gt;Vorschlagstext: &lt;\/strong&gt;Wir verwenden anonyme Cookies, um zu verhindern, dass Nutzern dasselbe Popup wiederholt angezeigt wird. Dadurch m&ouml;chten wir das Nutzererlebnis angenehmer gestalten und gleichzeitig zeitkritische Nachrichten &uuml;bermitteln.<\/p><h3>Analysen<\/h3><p>Popup Maker erfasst anonym Popup-Aufrufe und Konversionen.<\/p><h2>Wie lange wir Ihre Daten speichern<\/h2><p>Die Abonnentendaten werden zu Analysezwecken und f\u00fcr den sp\u00e4teren Export auf unbestimmte Zeit in der lokalen Datenbank gespeichert.<\/p><p>Daten werden auf Anfrage des Benutzers \u00fcber den bestehenden Exporter bzw. Eraser exportiert oder entfernt.<\/p><p>Wenn Daten mit einem Drittanbieterdienst (z. B. Mailchimp) synchronisiert werden, bleiben die Daten dort gespeichert, bis sie abgemeldet oder gel\u00f6scht werden.<\/p><h2>Wohin wir Ihre Daten senden<\/h2><p>Popup Maker sendet standardm\u00e4\u00dfig keine Benutzerdaten au\u00dferhalb Ihrer Website.<\/p><p>Wenn Sie unsere Anmeldeformulare so erweitert haben, dass Daten an einen Drittanbieterdienst wie Mailchimp gesendet werden, k\u00f6nnen Benutzerinformationen an diese externen Dienste weitergegeben werden. Diese Dienste k\u00f6nnen sich im Ausland befinden.<\/p><\/p><\/div>","protected":false},"excerpt":{"rendered":"","protected":false},"author":2,"featured_media":0,"parent":0,"menu_order":0,"comment_status":"closed","ping_status":"closed","template":"","meta":{"footnotes":""},"class_list":["post-7497","page","type-page","status-publish"],"aioseo_notices":[],"_links":{"self":[{"href":"https:\/\/vex-play.com\/de\/wp-json\/wp\/v2\/pages\/7497","targetHints":{"allow":["GET"]}}],"collection":[{"href":"https:\/\/vex-play.com\/de\/wp-json\/wp\/v2\/pages"}],"about":[{"href":"https:\/\/vex-play.com\/de\/wp-json\/wp\/v2\/types\/page"}],"author":[{"embeddable":true,"href":"https:\/\/vex-play.com\/de\/wp-json\/wp\/v2\/users\/2"}],"replies":[{"embeddable":true,"href":"https:\/\/vex-play.com\/de\/wp-json\/wp\/v2\/comments?post=7497"}],"version-history":[{"count":0,"href":"https:\/\/vex-play.com\/de\/wp-json\/wp\/v2\/pages\/7497\/revisions"}],"wp:attachment":[{"href":"https:\/\/vex-play.com\/de\/wp-json\/wp\/v2\/media?parent=7497"}],"curies":[{"name":"wp","href":"https:\/\/api.w.org\/{rel}","templated":true}]}}