{"id":7497,"date":"2024-06-14T14:37:45","date_gmt":"2024-06-14T14:37:45","guid":{"rendered":"https:\/\/vex-play.com\/privacy-statement-eu\/"},"modified":"2024-06-14T14:37:45","modified_gmt":"2024-06-14T14:37:45","slug":"privacy-statement-eu","status":"publish","type":"page","link":"https:\/\/vex-play.com\/es\/privacy-statement-eu\/","title":{"rendered":"Privacy Statement (EU)"},"content":{"rendered":"<!-- Legal document generated by Complianz | GDPR\/CCPA Cookie Consent https:\/\/wordpress.org\/plugins\/complianz-gdpr -->\n<div id=\"cmplz-document\" class=\"cmplz-document privacy-statement cmplz-document-eu\"><p><i>Esta declaraci\u00f3n de privacidad se actualiz\u00f3 por \u00faltima vez el noviembre 21, 2025 y se aplica a los ciudadanos y residentes legales permanentes del Espacio Econ\u00f3mico Europeo y Suiza.<\/i><br \/><br \/><\/p><p><p>En esta declaraci\u00f3n de privacidad, explicamos lo que hacemos con los datos que obtenemos sobre usted a trav\u00e9s de <a href=\"https:\/\/vex-play.com\/es\">https:\/\/vex-play.com\/es<\/a>. Le recomendamos que lea atentamente esta declaraci\u00f3n. En nuestro procesamiento cumplimos con los requisitos de la legislaci\u00f3n de privacidad. Lo que significa, entre otras cosas, que:<\/p><ul>\n                <li>indicamos claramente las multas para los que procesamos los datos personales. Hacemos esto por medio de esta declaraci\u00f3n de privacidad.<\/li>\n                <li>nos proponemos limitar nuestra recopilaci\u00f3n de datos personales a los datos personales necesarios para fines leg\u00edtimos;<\/li>\n                <li>en primer lugar, solicitamos su consentimiento expl\u00edcito para el tratamiento de sus datos personales en los casos en que sea necesario.<\/li>\n                <li>tomamos las medidas de seguridad adecuadas para proteger sus datos personales y tambi\u00e9n lo exigimos a las partes que procesan datos personales en nuestro nombre;<\/li>\n                <li>Respetamos su derecho a acceder, rectificar o cancelar sus datos personales previa solicitud.<\/li>\n            <\/ul><p>Si tiene alguna pregunta o quiere saber exactamente qu\u00e9 datos guardamos de usted, p\u00f3ngase en contacto con nosotros.<\/p><\/p><h2>1. Prop\u00f3sito, datos y periodo de retenci\u00f3n<\/h2>Podemos recopilar o recibir informaci\u00f3n personal para un n\u00famero de prop\u00f3sitos relacionados con nuestras operaciones comerciales, que pueden incluir lo siguiente: (haga clic para expandir) <details class=\"cmplz-dropdown dropdown-privacy-statement\"><summary><div><h3>1.1 Contacto \u2013 Por tel\u00e9fono, correo, correo electr\u00f3nico y\/o formularios en el sitio<\/h3><\/div><\/summary><p class=\"cmplz-subtitle\">Para ello utilizamos los siguientes datos:<\/p><p><ul><li>Un nombre y apellido<\/li><li>Una direcci\u00f3n de correo electr\u00f3nico<\/li><li>Un n\u00famero de tel\u00e9fono<\/li><\/ul><\/p><p class=\"cmplz-subtitle\">La base sobre la que podemos procesar estos datos es:<\/p><p><a target=\"_blank\" rel=\"noopener noreferrer nofollow\" href=\"https:\/\/cookiedatabase.org\/legal-bases\/#consent\">Tras la prestaci\u00f3n del consentimiento. <\/a><\/p><p class=\"cmplz-subtitle\">Per\u00edodo de retenci\u00f3n<\/p><p>Conservamos estos datos tras la finalizaci\u00f3n del servicio durante el siguiente n\u00famero de meses: 60<\/p><\/details><details class=\"cmplz-dropdown dropdown-privacy-statement\"><summary><div><h3>1.2 Boletines de noticias<\/h3><\/div><\/summary><p class=\"cmplz-subtitle\">Para ello utilizamos los siguientes datos:<\/p><p><ul><li>Un nombre y apellido<\/li><li>Un n\u00famero de tel\u00e9fono<\/li><li>Una direcci\u00f3n de correo electr\u00f3nico<\/li><\/ul><\/p><p class=\"cmplz-subtitle\">La base sobre la que podemos procesar estos datos es:<\/p><p><a target=\"_blank\" rel=\"noopener noreferrer nofollow\" href=\"https:\/\/cookiedatabase.org\/legal-bases\/#consent\">Tras la prestaci\u00f3n del consentimiento. <\/a><\/p><p class=\"cmplz-subtitle\">Per\u00edodo de retenci\u00f3n<\/p><p>Conservamos estos datos tras la finalizaci\u00f3n del servicio durante el siguiente n\u00famero de meses: 60<\/p><\/details><h2>2. Galletas<\/h2><p>Nuestra web utiliza cookies. Para m\u00e1s informaci\u00f3n acerca de las cookies, por favor consulte nuestra <a href=\"https:\/\/vex-play.com\/es\/cookie-policy-eu\/\">Pol\u00edtica de cookies<\/a>.&nbsp;<\/p><h2>3. Pr\u00e1cticas de divulgaci\u00f3n<\/h2><p><p>Divulgamos informaci\u00f3n personal si nos lo exige la ley o una orden judicial, en respuesta a un organismo encargado de hacer cumplir la ley, en la medida en que lo permita otras disposiciones legales, para proporcionar informaci\u00f3n o para una investigaci\u00f3n sobre un asunto relacionado con la seguridad p\u00fablica.<\/p><p>Si nuestro sitio web o nuestra organizaci\u00f3n son adquiridos, vendidos o participantes en una fusi\u00f3n o adquisici\u00f3n, sus datos podr\u00e1n ser revelados a nuestros asesores ya los posibles compradores, y se transmitir\u00e1n a los nuevos propietarios.<\/p><\/p><p>Tenemos un Acuerdo de procesamiento de datos con Google.<\/p><p>La inclusi\u00f3n de direcciones IP completas est\u00e1 bloqueada por nosotros.<\/p><h2>4. Seguridad<\/h2><p>Estamos comprometidos con la seguridad de los datos personales. Tomamos las medidas de seguridad adecuadas para limitar el abuso y el acceso no autorizado a los datos personales. Esto asegura que s\u00f3lo las personas necesarias tengan acceso a sus datos, que el acceso a los datos est\u00e9 protegido y que nuestras medidas de seguridad sean revisadas regularmente.<\/p><h2>5. Webs de terceros<\/h2><p>Esta declaraci\u00f3n de privacidad no se aplica a las webs de terceros conectados mediante enlaces en nuestra web. No podemos garantizar que estas terceras partes manejen sus datos personales de forma confiable o segura. Le recomendamos que lea las declaraciones de privacidad de estos webs antes de utilizarlos.<\/p><h2>6. Modificaciones de esta declaraci\u00f3n de privacidad<\/h2><p>Nos reservamos el derecho de hacer modificaciones a esta declaraci\u00f3n de privacidad. Se recomienda que consulte esta declaraci\u00f3n de privacidad peri\u00f3dicamente para estar al tanto de cualquier cambio. Adem\u00e1s, le informaremos activamente siempre que sea posible.<\/p><h2>7. Acceso y modificaci\u00f3n de sus datos<\/h2><p>Si tiene alguna pregunta o desea saber qu\u00e9 datos personales tenemos sobre usted, p\u00f3ngase en contacto con nosotros. Puede ponerse en contacto con nosotros utilizando la siguiente informaci\u00f3n. Usted tiene los siguientes derechos:<\/p><ul>\n                <li>Usted tiene derecho a saber por qu\u00e9 se necesitan sus datos personales, qu\u00e9 suceder\u00e1 con ellos y durante cu\u00e1nto tiempo se conservar\u00e1n.<\/li>\n                <li>Derecho de acceso: Tiene derecho a acceder a los datos personales que conocemos sobre usted.<\/li>\n                <li>Derecho de rectificaci\u00f3n: tiene derecho a completar, rectificar, borrar o bloquear sus datos personales cuando lo desee.<\/li>\n                <li>Si usted nos da su consentimiento para procesar sus datos, tiene derecho a revocar dicho consentimiento ya que se eliminan sus datos personales.<\/li>\n                <li>Derecho de cesi\u00f3n de sus datos: tiene derecho a solicitar todos sus datos personales al responsable y transferirlos \u00edntegramente a otro responsable del tratamiento de datos.<\/li>\n                <li>Derecho de oposici\u00f3n: usted puede oponerse al tratamiento de sus datos. Nosotros cumplimos con esto, a menos que existan motivos justificados para el procesamiento.<\/li>\n            <\/ul><p>Por favor, aseg\u00farese de indicar siempre claramente qui\u00e9n es usted, para que podamos estar seguros de que no modificamos o eliminamos ning\u00fan dato de la persona equivocada.<\/p><h2>8. Enviando una reclamaci\u00f3n<\/h2><p>Si no est\u00e1 satisfecho con la forma en que tratamos o procesamos sus datos personales, tiene derecho a presentar una queja a la Autoridad de protecci\u00f3n de datos.<\/p><h2>9. Responsable de la protecci\u00f3n de datos<\/h2><p>Nuestro Responsable de la protecci\u00f3n de datos ha sido registrado ante la autoridad de protecci\u00f3n de datos de un Estado miembro de la UE. Si tiene alguna pregunta o solicitud con respecto a esta declaraci\u00f3n de privacidad o para el Responsable de la Protecci\u00f3n de Datos, puede ponerse en contacto con Julien Bergiers, a trav\u00e9s de o jbergiers@j2-studio.com<\/p><h2>10. Datos de contacto<\/h2><p>Estudio JSquare<br \/>\n        44a Calle Haute<br \/>\r\n1435 Corbais<br \/>\r\nB\u00e9lgica<br \/>\n        B\u00e9lgica<br \/>\n        Web: <a href=\"https:\/\/vex-play.com\/es\">https:\/\/vex-play.com\/es<\/a> <br \/>\n        Correo electr\u00f3nico: <span class=\"cmplz-obfuscate\">informaci\u00f3n@<span class=\"cmplz-fmail-domain\">&#101;&#120;&#046;&#099;o&#109;<\/span>&#118;&#101;x-p&#108;&#097;y&#046;c&#111;&#109;<\/span> <br \/>\n        <\/p><h2>Anexo<\/h2><p><h2>Seguridad realmente simple<\/h2><p>Really Simple Security y sus complementos no procesan informaci\u00f3n personal identificable, por lo que el RGPD no se aplica a estos complementos ni a su uso en su sitio web. Puede consultar nuestra pol\u00edtica de privacidad. <a href=\"https:\/\/really-simple-ssl.com\/privacy-statement\/\">aqu\u00ed<\/a>.<\/p><h2>Creador de ventanas emergentes<\/h2><p>Hola,<\/p><p>Esta informaci\u00f3n sirve como gu\u00eda sobre qu\u00e9 secciones deben modificarse debido al uso de Popup Maker y sus extensiones.<\/p><p>Debe incluir la siguiente informaci\u00f3n en las secciones correctas de su pol\u00edtica de privacidad.<\/p><p><strong>Descargo de responsabilidad:<\/strong> Esta informaci\u00f3n es s\u00f3lo orientativa y no debe considerarse asesoramiento legal.<\/p><p><strong>Nota:<\/strong> Parte de la informaci\u00f3n a continuaci\u00f3n se genera din\u00e1micamente, como las cookies. Si a\u00f1ade o modifica ventanas emergentes, ver\u00e1 dichas modificaciones a continuaci\u00f3n y deber\u00e1 actualizar su pol\u00edtica en consecuencia.<\/p><h2>Qu\u00e9 datos personales recopilamos y por qu\u00e9 los recopilamos<\/h2><h3>Formularios de suscripci\u00f3n<\/h3><p>Los formularios de suscripci\u00f3n de Popup Maker no est\u00e1n habilitados de forma predeterminada.<\/p><p>Si los ha utilizado en sus ventanas emergentes para recopilar suscriptores de correo electr\u00f3nico, utilice esta subsecci\u00f3n para indicar qu\u00e9 datos personales se capturan cuando alguien env\u00eda un formulario de suscripci\u00f3n y durante cu\u00e1nto tiempo los conserva.<\/p><p>Por ejemplo, puede indicar que conserva los env\u00edos de formularios para fines de marketing continuos.<\/p><p>&lt;strong class=&quot;&rdquo;privacy-policy-tutorial&rdquo;&quot;&gt;Texto sugerido: &lt;\/strong&gt;Si env&iacute;a un formulario de suscripci&oacute;n en nuestro sitio, estar&aacute; optando por que guardemos su nombre, direcci&oacute;n de correo electr&oacute;nico y otra informaci&oacute;n relevante.<\/p><p>Estas suscripciones se utilizan para notificarle sobre contenido relacionado, descuentos y otras ofertas especiales.<\/p><p>Puede optar por no recibir m\u00e1s informaci\u00f3n o cancelar su suscripci\u00f3n en cualquier momento en el futuro haciendo clic en el enlace en la parte inferior de cualquier correo electr\u00f3nico.<\/p><h3>Galletas<\/h3><p>Popup Maker utiliza cookies para la mayor\u00eda de las ventanas emergentes. Su funci\u00f3n principal es evitar que los usuarios se molesten al ver la misma ventana emergente repetidamente.<\/p><p>Esto puede provocar que las cookies se guarden durante un periodo prolongado. Estas cookies no son de seguimiento y se utilizan \u00fanicamente en nuestras ventanas emergentes.<\/p><p>A continuaci\u00f3n, se muestra una lista de todas las cookies registradas en la configuraci\u00f3n de las ventanas emergentes. Puede informarnos si as\u00ed lo desea.<\/p><table><tr>Nombre de la cookieUsoTiempo<\/tr><tr>pum-5860Cookie utilizada para evitar que las ventanas emergentes se muestren repetidamente. 1 mes<\/tr><tr>pum-6319Cookie utilizada para evitar que la ventana emergente se muestre repetidamente.1 mes<\/tr><\/table><p>&lt;strong class=&quot;&rdquo;privacy-policy-tutorial&rdquo;&quot;&gt;Texto sugerido: &lt;\/strong&gt;Utilizamos cookies an&oacute;nimas para evitar que los usuarios vean la misma ventana emergente repetidamente en un intento de hacer que nuestra experiencia sea m&aacute;s placentera y al mismo tiempo ofrecerles mensajes urgentes.<\/p><h3>Anal\u00edtica<\/h3><p>Popup Maker rastrea de forma an\u00f3nima las visualizaciones y conversiones de ventanas emergentes.<\/p><h2>Cu\u00e1nto tiempo conservamos sus datos<\/h2><p>La informaci\u00f3n del suscriptor se conserva en la base de datos local indefinidamente para fines de seguimiento anal\u00edtico y para futuras exportaciones.<\/p><p>Los datos se exportar\u00e1n o eliminar\u00e1n a solicitud del usuario a trav\u00e9s del Exportador o Borrador existente.<\/p><p>Si se sincronizan datos con un servicio de terceros (por ejemplo, Mailchimp), los datos se conservan all\u00ed hasta que se cancela la suscripci\u00f3n o se eliminan.<\/p><h2>D\u00f3nde enviamos tus datos<\/h2><p>Popup Maker no env\u00eda ning\u00fan dato de usuario fuera de su sitio de forma predeterminada.<\/p><p>Si ha ampliado nuestros formularios de suscripci\u00f3n para enviar datos a un servicio externo como Mailchimp, la informaci\u00f3n del usuario podr\u00eda transferirse a estos servicios externos. Estos servicios podr\u00edan estar ubicados en el extranjero.<\/p><\/p><\/div>","protected":false},"excerpt":{"rendered":"","protected":false},"author":2,"featured_media":0,"parent":0,"menu_order":0,"comment_status":"closed","ping_status":"closed","template":"","meta":{"footnotes":""},"class_list":["post-7497","page","type-page","status-publish"],"aioseo_notices":[],"_links":{"self":[{"href":"https:\/\/vex-play.com\/es\/wp-json\/wp\/v2\/pages\/7497","targetHints":{"allow":["GET"]}}],"collection":[{"href":"https:\/\/vex-play.com\/es\/wp-json\/wp\/v2\/pages"}],"about":[{"href":"https:\/\/vex-play.com\/es\/wp-json\/wp\/v2\/types\/page"}],"author":[{"embeddable":true,"href":"https:\/\/vex-play.com\/es\/wp-json\/wp\/v2\/users\/2"}],"replies":[{"embeddable":true,"href":"https:\/\/vex-play.com\/es\/wp-json\/wp\/v2\/comments?post=7497"}],"version-history":[{"count":0,"href":"https:\/\/vex-play.com\/es\/wp-json\/wp\/v2\/pages\/7497\/revisions"}],"wp:attachment":[{"href":"https:\/\/vex-play.com\/es\/wp-json\/wp\/v2\/media?parent=7497"}],"curies":[{"name":"wp","href":"https:\/\/api.w.org\/{rel}","templated":true}]}}