{"id":7497,"date":"2024-06-14T14:37:45","date_gmt":"2024-06-14T14:37:45","guid":{"rendered":"https:\/\/vex-play.com\/privacy-statement-eu\/"},"modified":"2024-06-14T14:37:45","modified_gmt":"2024-06-14T14:37:45","slug":"privacy-statement-eu","status":"publish","type":"page","link":"https:\/\/vex-play.com\/fr\/privacy-statement-eu\/","title":{"rendered":"Privacy Statement (EU)"},"content":{"rendered":"<!-- Legal document generated by Complianz | GDPR\/CCPA Cookie Consent https:\/\/wordpress.org\/plugins\/complianz-gdpr -->\n<div id=\"cmplz-document\" class=\"cmplz-document privacy-statement cmplz-document-eu\"><p><i>Cette d\u00e9claration de confidentialit\u00e9 a \u00e9t\u00e9 mise \u00e0 jour le novembre 21, 2025 et s\u2019applique aux citoyens et aux r\u00e9sidents permanents l\u00e9gaux de l\u2019Espace \u00e9conomique europ\u00e9en et de la Suisse.<\/i><br \/><br \/><\/p><p><p>Dans cette d\u00e9claration de confidentialit\u00e9, nous expliquons ce que nous faisons avec les donn\u00e9es que nous obtenons \u00e0 votre sujet via <a href=\"https:\/\/vex-play.com\/fr\">https:\/\/vex-play.com\/fr<\/a>. Nous vous recommandons de lire attentivement cette d\u00e9claration. Lors de notre traitement, nous nous conformons aux exigences de la l\u00e9gislation sur la confidentialit\u00e9. Cela signifie, entre autres, que :<\/p><ul>\n                <li>nous indiquons clairement dans quelles finalit\u00e9s nous traitons les donn\u00e9es personnelles. Nous faisons cela au moyen de cette d\u00e9claration de confidentialit\u00e9 ;<\/li>\n                <li>nous visons \u00e0 limiter notre recueil de donn\u00e9es personnelles uniquement aux donn\u00e9es personnelles n\u00e9cessaires \u00e0 des finalit\u00e9s l\u00e9gitimes ;<\/li>\n                <li>nous demandons d&#039;abord votre consentement explicite pour traiter vos donn\u00e9es personnelles dans les cas n\u00e9cessitant votre consentement ;<\/li>\n                <li>nous prenons des mesures de s\u00e9curit\u00e9 appropri\u00e9es afin de prot\u00e9ger vos donn\u00e9es personnelles, et nous en exigeons autant des parties traitant des donn\u00e9es personnelles pour nous ;<\/li>\n                <li>nous respectons votre droit de consulter, corriger ou supprimer vos donn\u00e9es personnelles si vous en formulez la demande.<\/li>\n            <\/ul><p>Si vous avez des questions ou souhaitez savoir exactement quelles donn\u00e9es nous conservons, veuillez nous contacter.<\/p><\/p><h2>1. Finalit\u00e9, donn\u00e9es et dur\u00e9e de conservation<\/h2>Nous pouvons collecter ou recevoir des informations personnelles pour un certain nombre de raisons li\u00e9es \u00e0 nos activit\u00e9s commerciales, notamment les suivantes : (cliquez pour d\u00e9plier)<details class=\"cmplz-dropdown dropdown-privacy-statement\"><summary><div><h3>1.1 Contact \u2013 Par t\u00e9l\u00e9phone, courrier, e-mail et\/ou formulaires web<\/h3><\/div><\/summary><p class=\"cmplz-subtitle\">Dans cette finalit\u00e9, nous utilisons les donn\u00e9es suivantes :<\/p><p><ul><li>Un pr\u00e9nom et un nom de famille<\/li><li>Une adresse e-mail<\/li><li>Un num\u00e9ro de t\u00e9l\u00e9phone<\/li><\/ul><\/p><p class=\"cmplz-subtitle\">La base sur laquelle nous pouvons traiter ces donn\u00e9es est :<\/p><p><a target=\"_blank\" rel=\"noopener noreferrer nofollow\" href=\"https:\/\/cookiedatabase.org\/legal-bases\/#consent\">Apr\u00e8s avoir donn\u00e9 son consentement.<\/a><\/p><p class=\"cmplz-subtitle\">Dur\u00e9e de conservation<\/p><p>Nous conservons ces donn\u00e9es \u00e0 la fin du service pendant le nombre de mois suivant : 60<\/p><\/details><details class=\"cmplz-dropdown dropdown-privacy-statement\"><summary><div><h3>1.2 Infolettres<\/h3><\/div><\/summary><p class=\"cmplz-subtitle\">Dans cette finalit\u00e9, nous utilisons les donn\u00e9es suivantes :<\/p><p><ul><li>Un pr\u00e9nom et un nom de famille<\/li><li>Un num\u00e9ro de t\u00e9l\u00e9phone<\/li><li>Une adresse e-mail<\/li><\/ul><\/p><p class=\"cmplz-subtitle\">La base sur laquelle nous pouvons traiter ces donn\u00e9es est :<\/p><p><a target=\"_blank\" rel=\"noopener noreferrer nofollow\" href=\"https:\/\/cookiedatabase.org\/legal-bases\/#consent\">Apr\u00e8s avoir donn\u00e9 son consentement.<\/a><\/p><p class=\"cmplz-subtitle\">Dur\u00e9e de conservation<\/p><p>Nous conservons ces donn\u00e9es \u00e0 la fin du service pendant le nombre de mois suivant : 60<\/p><\/details><h2>2. Cookies<\/h2><p>Notre site Web utilise des cookies. Pour plus d&#039;informations sur les cookies, veuillez vous r\u00e9f\u00e9rer \u00e0 notre <a href=\"https:\/\/vex-play.com\/fr\/cookie-policy-eu\/\">Politique de cookies<\/a>.&nbsp;<\/p><h2>3. Pratiques de divulgation<\/h2><p><p>Nous divulguons des informations personnelles si nous y sommes tenus par la loi ou par une ordonnance du tribunal, en r\u00e9ponse \u00e0 un organisme d&#039;application de la loi, dans la mesure permise par d&#039;autres dispositions de la loi, pour fournir des informations, ou pour une enqu\u00eate sur une question li\u00e9e \u00e0 la s\u00e9curit\u00e9 publique.<\/p><p>Si notre site web ou notre organisation est reprise, vendue ou impliqu\u00e9e dans une fusion ou une acquisition, vos donn\u00e9es peuvent \u00eatre divulgu\u00e9es \u00e0 nos conseillers et \u00e0 tout acheteur potentiel et seront transmises aux nouveaux propri\u00e9taires.<\/p><\/p><p>Nous avons conclu un accord de traitement des donn\u00e9es avec Google.<\/p><p>L&#039;inclusion d&#039;adresses IP compl\u00e8tes est bloqu\u00e9e par nous.<\/p><h2>4. S\u00e9curit\u00e9<\/h2><p>Nous nous engageons \u00e0 la s\u00e9curit\u00e9 des donn\u00e9es personnelles. Nous prenons les mesures de s\u00e9curit\u00e9 appropri\u00e9es pour limiter les abus et l&#039;acc\u00e8s non autoris\u00e9 aux donn\u00e9es personnelles. Cela garantit que seules les personnes n\u00e9cessaires ont acc\u00e8s \u00e0 vos donn\u00e9es, que l&#039;acc\u00e8s aux donn\u00e9es est prot\u00e9g\u00e9 et que nos mesures de s\u00e9curit\u00e9 sont r\u00e9guli\u00e8rement revues.<\/p><h2>5. Sites web tiers<\/h2><p>Cette d\u00e9claration de confidentialit\u00e9 ne s&#039;applique pas aux sites web de tierces parties connect\u00e9es par des liens sur notre site web. Nous ne pouvons garantir que ces tierces parties g\u00e8rent vos donn\u00e9es personnelles de mani\u00e8re fiable ou s\u00e9curis\u00e9e. Nous vous recommandons de lire les d\u00e9clarations de confidentialit\u00e9 de ces sites web avant de les utiliser.<\/p><h2>6. Modifications apport\u00e9es \u00e0 cette d\u00e9claration de confidentialit\u00e9<\/h2><p>Nous nous r\u00e9servons le droit de modifier la pr\u00e9sente d\u00e9claration de confidentialit\u00e9. Il est recommand\u00e9 de consulter r\u00e9guli\u00e8rement cette d\u00e9claration de confidentialit\u00e9 afin de prendre connaissance de toute modification \u00e9ventuelle. De plus, nous vous informons activement dans la mesure du possible.<\/p><h2>7. Acc\u00e9der \u00e0 vos donn\u00e9es et les modifier<\/h2><p>Si vous avez des questions ou souhaitez savoir quelles sont les donn\u00e9es personnelles que nous avons \u00e0 votre sujet, veuillez nous contacter. Vous pouvez nous contacter en utilisant les informations ci-dessous. Vous avez les droits suivants :<\/p><ul>\n                <li>Vous avez le droit de savoir pourquoi vos donn\u00e9es personnelles sont n\u00e9cessaires, ce qui leur arrivent et combien de temps elles seront conserv\u00e9es.<\/li>\n                <li>Droit d&#039;acc\u00e8s : vous avez le droit d&#039;acc\u00e9der \u00e0 vos donn\u00e9es personnelles que nous connaissons.<\/li>\n                <li>Droit de rectification : vous avez le droit \u00e0 tout moment de compl\u00e9ter, corriger, faire supprimer ou bloquer vos donn\u00e9es personnelles.<\/li>\n                <li>Si vous nous donnez votre consentement pour le traitement de vos donn\u00e9es, vous avez le droit de r\u00e9voquer ce consentement et de faire supprimer vos donn\u00e9es personnelles.<\/li>\n                <li>Droit de transf\u00e9rer vos donn\u00e9es : vous avez le droit de demander toutes vos donn\u00e9es personnelles au responsable du traitement et de les transf\u00e9rer dans leur int\u00e9gralit\u00e9 \u00e0 un autre responsable du traitement.<\/li>\n                <li>Droit d&#039;opposition : vous pouvez vous opposer au traitement de vos donn\u00e9es. Nous obtemp\u00e9rerons, \u00e0 moins que certaines raisons ne justifient ce traitement.<\/li>\n            <\/ul><p>Assurez-vous de toujours indiquer clairement qui vous \u00eates, afin que nous puissions \u00eatre certains de ne pas modifier ni supprimer les donn\u00e9es de la mauvaise personne.<\/p><h2>8. D\u00e9poser une plainte<\/h2><p>Si vous n&#039;\u00eates pas satisfait de la mani\u00e8re dont nous traitons (une r\u00e9clamation concernant) le traitement de vos donn\u00e9es personnelles, vous avez le droit de d\u00e9poser une r\u00e9clamation aupr\u00e8s de l&#039;autorit\u00e9 de protection des donn\u00e9es.<\/p><h2>9. D\u00e9l\u00e9gu\u00e9 \u00e0 la protection des donn\u00e9es<\/h2><p>Notre d\u00e9l\u00e9gu\u00e9 \u00e0 la protection des donn\u00e9es \u00e0 \u00e9t\u00e9 enregistr\u00e9 aupr\u00e8s des autorit\u00e9s charg\u00e9es de la protection des donn\u00e9es dans un \u00c9tat membre de l&#039;UE. Si vous avez des questions ou des demandes concernant cette d\u00e9claration de confidentialit\u00e9 ou pour le d\u00e9l\u00e9gu\u00e9 \u00e0 la protection des donn\u00e9es, vous pouvez contacter Julien Bergiers, via ou jbergiers@j2-studio.com.<\/p><h2>10. Coordonn\u00e9es<\/h2><p>JSquare Studio<br \/>\n        44a Rue Haute<br \/>\r\n1435 Corbais<br \/>\r\nBelgique<br \/>\n        Belgique<br \/>\n        Site web : <a href=\"https:\/\/vex-play.com\/fr\">https:\/\/vex-play.com\/fr<\/a> <br \/>\n        E-mail : <span class=\"cmplz-obfuscate\">info@<span class=\"cmplz-fmail-domain\">ex.com<\/span>v&#101;x-&#112;la&#121;&#046;c&#111;&#109;<\/span> <br \/>\n        <\/p><h2>Annexes<\/h2><p><h2>S\u00e9curit\u00e9 vraiment simple<\/h2><p>Really Simple Security et ses extensions ne traitent aucune information permettant de vous identifier personnellement. Par cons\u00e9quent, le RGPD ne s&#039;applique pas \u00e0 ces plugins ni \u00e0 leur utilisation sur votre site web. Vous pouvez consulter notre politique de confidentialit\u00e9. <a href=\"https:\/\/really-simple-ssl.com\/privacy-statement\/\">ici<\/a>.<\/p><h2>Cr\u00e9ateur de popup<\/h2><p>Bonjour,<\/p><p>Ces informations servent de guide pour d\u00e9terminer les sections \u00e0 modifier en raison de l&#039;utilisation de Popup Maker et de ses extensions.<\/p><p>Vous devez inclure les informations ci-dessous dans les sections appropri\u00e9es de votre politique de confidentialit\u00e9.<\/p><p><strong>Clause de non-responsabilit\u00e9:<\/strong> Ces informations sont donn\u00e9es \u00e0 titre indicatif uniquement et ne doivent pas \u00eatre consid\u00e9r\u00e9es comme un avis juridique.<\/p><p><strong>Note:<\/strong> Certaines informations ci-dessous sont g\u00e9n\u00e9r\u00e9es dynamiquement, comme les cookies. Si vous ajoutez ou modifiez des fen\u00eatres contextuelles, ces modifications appara\u00eetront ci-dessous et vous devrez mettre \u00e0 jour votre politique en cons\u00e9quence.<\/p><h2>Quelles donn\u00e9es personnelles collectons-nous et pourquoi les collectons-nous ?<\/h2><h3>Formulaires d&#039;abonnement<\/h3><p>Les formulaires d&#039;abonnement de Popup Maker ne sont pas activ\u00e9s par d\u00e9faut.<\/p><p>Si vous les avez utilis\u00e9s dans vos fen\u00eatres contextuelles pour collecter des abonn\u00e9s par courriel, utilisez cette sous-section pour indiquer quelles donn\u00e9es personnelles sont collect\u00e9es lorsqu&#039;une personne soumet un formulaire d&#039;abonnement, et combien de temps vous les conservez.<\/p><p>Par exemple, vous pouvez indiquer que vous conservez les soumissions de formulaires \u00e0 des fins de marketing continu.<\/p><p>&lt;strong class=&quot;&rdquo;privacy-policy-tutorial&rdquo;&quot;&gt;Texte sugg&eacute;r&eacute;&nbsp;: &lt;\/strong&gt;En soumettant un formulaire d&amp;#039;abonnement sur notre site, vous acceptez que nous enregistrions votre nom, votre adresse &eacute;lectronique et d&amp;#039;autres informations pertinentes.<\/p><p>Ces abonnements servent \u00e0 vous informer sur les contenus associ\u00e9s, les r\u00e9ductions et autres offres sp\u00e9ciales.<\/p><p>Vous pouvez vous d\u00e9sinscrire \u00e0 tout moment en cliquant sur le lien situ\u00e9 en bas de chaque e-mail.<\/p><h3>Cookies<\/h3><p>Popup Maker utilise des cookies pour la plupart des fen\u00eatres contextuelles. Leur fonction principale est d&#039;\u00e9viter d&#039;importuner vos utilisateurs en leur faisant voir la m\u00eame fen\u00eatre contextuelle \u00e0 r\u00e9p\u00e9tition.<\/p><p>Cela peut entra\u00eener la conservation de cookies pendant une p\u00e9riode prolong\u00e9e. Il s&#039;agit de cookies non tra\u00e7ables, utilis\u00e9s uniquement par nos fen\u00eatres contextuelles.<\/p><p>Vous trouverez ci-dessous la liste des cookies actuellement enregistr\u00e9s dans les param\u00e8tres de vos fen\u00eatres contextuelles. Vous pouvez les autoriser si n\u00e9cessaire.<\/p><table><tr>Nom du cookie\u00a0: Dur\u00e9e d\u2019utilisation<\/tr><tr>pum-5860Cookie utilis\u00e9 pour emp\u00eacher l&#039;affichage r\u00e9p\u00e9t\u00e9 de la fen\u00eatre contextuelle. 1 mois<\/tr><tr>pum-6319Cookie utilis\u00e9 pour emp\u00eacher l&#039;affichage r\u00e9p\u00e9t\u00e9 de la fen\u00eatre contextuelle. 1 mois<\/tr><\/table><p>&lt;strong class=&quot;&rdquo;privacy-policy-tutorial&rdquo;&quot;&gt;Texte sugg&eacute;r&eacute;&nbsp;: &lt;\/strong&gt;Nous utilisons des cookies anonymes pour &eacute;viter que les utilisateurs ne voient la m&ecirc;me fen&ecirc;tre contextuelle de mani&egrave;re r&eacute;p&eacute;titive, dans le but de rendre leur exp&eacute;rience plus agr&eacute;able tout en diffusant des messages urgents.<\/p><h3>Analytique<\/h3><p>Popup Maker suit anonymement les vues et les conversions des popups.<\/p><h2>Combien de temps conservons-nous vos donn\u00e9es ?<\/h2><p>Les informations relatives aux abonn\u00e9s sont conserv\u00e9es ind\u00e9finiment dans la base de donn\u00e9es locale \u00e0 des fins de suivi analytique et en vue d&#039;exportations ult\u00e9rieures.<\/p><p>Les donn\u00e9es seront export\u00e9es ou supprim\u00e9es \u00e0 la demande des utilisateurs via l&#039;outil d&#039;exportation ou d&#039;effacement existant.<\/p><p>Si vous synchronisez des donn\u00e9es avec un service tiers (par exemple Mailchimp), les donn\u00e9es y sont conserv\u00e9es jusqu&#039;\u00e0 votre d\u00e9sabonnement ou leur suppression.<\/p><h2>O\u00f9 nous envoyons vos donn\u00e9es<\/h2><p>Par d\u00e9faut, Popup Maker n&#039;envoie aucune donn\u00e9e utilisateur en dehors de votre site.<\/p><p>Si vous avez configur\u00e9 nos formulaires d&#039;inscription pour permettre l&#039;envoi de donn\u00e9es \u00e0 un service tiers tel que Mailchimp, les informations des utilisateurs peuvent \u00eatre transmises \u00e0 ces services externes, qui peuvent \u00eatre situ\u00e9s \u00e0 l&#039;\u00e9tranger.<\/p><\/p><\/div>","protected":false},"excerpt":{"rendered":"","protected":false},"author":2,"featured_media":0,"parent":0,"menu_order":0,"comment_status":"closed","ping_status":"closed","template":"","meta":{"footnotes":""},"class_list":["post-7497","page","type-page","status-publish"],"aioseo_notices":[],"_links":{"self":[{"href":"https:\/\/vex-play.com\/fr\/wp-json\/wp\/v2\/pages\/7497","targetHints":{"allow":["GET"]}}],"collection":[{"href":"https:\/\/vex-play.com\/fr\/wp-json\/wp\/v2\/pages"}],"about":[{"href":"https:\/\/vex-play.com\/fr\/wp-json\/wp\/v2\/types\/page"}],"author":[{"embeddable":true,"href":"https:\/\/vex-play.com\/fr\/wp-json\/wp\/v2\/users\/2"}],"replies":[{"embeddable":true,"href":"https:\/\/vex-play.com\/fr\/wp-json\/wp\/v2\/comments?post=7497"}],"version-history":[{"count":0,"href":"https:\/\/vex-play.com\/fr\/wp-json\/wp\/v2\/pages\/7497\/revisions"}],"wp:attachment":[{"href":"https:\/\/vex-play.com\/fr\/wp-json\/wp\/v2\/media?parent=7497"}],"curies":[{"name":"wp","href":"https:\/\/api.w.org\/{rel}","templated":true}]}}