{"id":7497,"date":"2024-06-14T14:37:45","date_gmt":"2024-06-14T14:37:45","guid":{"rendered":"https:\/\/vex-play.com\/privacy-statement-eu\/"},"modified":"2024-06-14T14:37:45","modified_gmt":"2024-06-14T14:37:45","slug":"privacy-statement-eu","status":"publish","type":"page","link":"https:\/\/vex-play.com\/pl\/privacy-statement-eu\/","title":{"rendered":"Privacy Statement (EU)"},"content":{"rendered":"<!-- Legal document generated by Complianz | GDPR\/CCPA Cookie Consent https:\/\/wordpress.org\/plugins\/complianz-gdpr -->\n<div id=\"cmplz-document\" class=\"cmplz-document privacy-statement cmplz-document-eu\"><p><i>Niniejsze o\u015bwiadczenie o ochronie prywatno\u015bci zosta\u0142o ostatnio zmienione listopad 21, 2025 i dotyczy obywateli oraz legalnych sta\u0142ych rezydent\u00f3w Europejskiego Obszaru Gospodarczego i Szwajcarii.<\/i><br \/><br \/><\/p><p><p>W tym o\u015bwiadczeniu o ochronie prywatno\u015bci ujawnili\u015bmy, co robimy z danymi \u017ar\u00f3d\u0142owymi, kt\u00f3re udost\u0119pniamy za po\u015brednictwem Internetu <a href=\"https:\/\/vex-play.com\/pl\">https:\/\/vex-play.com\/pl<\/a>. Zalecamy uwa\u017cne zapoznanie si\u0119 z tym sprz\u0119tem. Przetwarzaj\u0105c dane, przestrzegamy przepis\u00f3w dotycz\u0105cych prywatno\u015bci. do mi\u0119dzy innymi, \u017ce:<\/p><ul>\n                <li>jasno okre\u015blamy cele, dla kt\u00f3rych przetwarzamy dane osobowe. Robimy to za pomoc\u0105 urz\u0105dzenia o ochronie prywatno\u015bci;<\/li>\n                <li>nast\u0119pujemy do ograniczenia przez nas danych osobowych tylko do tych danych, kt\u00f3re s\u0105 niezb\u0119dne do uzasadnionych cel\u00f3w;<\/li>\n                <li>w pierwszej kolejno\u015bci za\u017c\u0105da\u0107 o wyra\u017an\u0105 zgod\u0119 na wydanie danych osobowych w wyniku wyra\u017cenia zgody;<\/li>\n                <li>Informacje o dost\u0119pie publicznym, aby chroni\u0107 twoje dane osobowe, a tak\u017ce wymagania tego od stron, kt\u00f3re s\u0105 przetwarzane przez dane osobowe w naszym administratorze;<\/li>\n                <li>szanujemy twoje prawo dost\u0119pu do twoich danych osobowych, ich poprawianie lub usuwanie na twoje u\u017cycie.<\/li>\n            <\/ul><p>Je\u015bli masz jakie\u015b pytania lub chcesz dok\u0142adnie wiedzie\u0107, jakie dane na tw\u00f3j temat przechowujemy, nale\u017cy si\u0119 z nami.<\/p><\/p><h2>1. Cel, dane i okres przechowywania<\/h2>gromadzenie lub udost\u0119pnianie danych osobowych w wielu po\u0142\u0105czeniach z nasz\u0105 dzia\u0142alno\u015bci\u0105 biznesow\u0105, kt\u00f3re mog\u0105 zosta\u0107 udost\u0119pnione: (kliknij, aby udost\u0119pni\u0107)<details class=\"cmplz-dropdown dropdown-privacy-statement\"><summary><div><h3>1.1 Kontakt \u2013 przez telefon, poczt\u0119, e-mail i\/lub formularze<\/h3><\/div><\/summary><p class=\"cmplz-subtitle\">W tym celu wykorzystujemy nast\u0119puj\u0105ce dane:<\/p><p><ul><li>Imi\u0119 i nazwisko<\/li><li>Adres e-mail<\/li><li>Numer telefonu<\/li><\/ul><\/p><p class=\"cmplz-subtitle\">Baza, kt\u00f3r\u0105 mo\u017cna wykorzysta\u0107 w te dane, jest:<\/p><p><a target=\"_blank\" rel=\"noopener noreferrer nofollow\" href=\"https:\/\/cookiedatabase.org\/legal-bases\/#consent\">Za sukcesem.<\/a><\/p><p class=\"cmplz-subtitle\">Okres trzymania<\/p><p>Przechowujemy te dane po udost\u0119pnieniu us\u0142ug przez nast\u0119puj\u0105ce miesi\u0105ce: 60<\/p><\/details><details class=\"cmplz-dropdown dropdown-privacy-statement\"><summary><div><h3>1.2 Biuletyny informacyjne<\/h3><\/div><\/summary><p class=\"cmplz-subtitle\">W tym celu wykorzystujemy nast\u0119puj\u0105ce dane:<\/p><p><ul><li>Imi\u0119 i nazwisko<\/li><li>Numer telefonu<\/li><li>Adres e-mail<\/li><\/ul><\/p><p class=\"cmplz-subtitle\">Baza, kt\u00f3r\u0105 mo\u017cna wykorzysta\u0107 w te dane, jest:<\/p><p><a target=\"_blank\" rel=\"noopener noreferrer nofollow\" href=\"https:\/\/cookiedatabase.org\/legal-bases\/#consent\">Za sukcesem.<\/a><\/p><p class=\"cmplz-subtitle\">Okres trzymania<\/p><p>Przechowujemy te dane po udost\u0119pnieniu us\u0142ug przez nast\u0119puj\u0105ce miesi\u0105ce: 60<\/p><\/details><h2>2. Pliki cookie<\/h2><p>Nasza witryna wykorzystuje pliki cookies. Aby uzyska\u0107 wi\u0119cej informacji na temat plik\u00f3w cookie, zapoznaj si\u0119 z nasz\u0105 <a href=\"https:\/\/vex-play.com\/pl\/cookie-policy-eu\/\">Polityka plik\u00f3w cookie<\/a>.&nbsp;<\/p><h2>3. Praktyki ujawniania informacji<\/h2><p><p>Udost\u0119pnione dane osobowe, jeste\u015bmy zobowi\u0105zani do podj\u0119cia orzeczenia, w odpowiedzi na wezwanie organu \u015bcigania, w zakresie dotycz\u0105cym innych przepis\u00f3w prawa, w celu om\u00f3wienia informacji lub w celu om\u00f3wienia post\u0119powania wyja\u015bniaj\u0105cego w sprawie naruszenia prawa publicznego.<\/p><p>Je\u015bli nasza strona internetowa lub organizacja zostanie przej\u0119ta, sprzedana lub zaanga\u017cowana w fuzj\u0119 lub przej\u0119cie, Twoje dane mog\u0105 zosta\u0107 ujawnione naszemu doradcom i potencjalnym nabywcom oraz skorzysta\u0107 z nowego w\u0142a\u015bciciela.<\/p><\/p><p>Zawarli\u015bmy z Google korzystanie z przetwarzania danych.<\/p><p>W usuni\u0119ciu pe\u0142nych adres\u00f3w IP jest przez nas blokowane.<\/p><h2>4. Bezpiecze\u0144stwo<\/h2><p>Dbamy o bezpiecze\u0144stwo danych osobowych. Podejmujemy no\u015bniki bezpiecze\u0144stwa, aby wy\u015bwietli\u0107 nadu\u017cycia i nieuprawniony dost\u0119p do danych osobowych. Gwarantuje, \u017ce tylko niezb\u0119dne osoby maj\u0105 dost\u0119p do danych, dost\u0119p do danych jest dost\u0119pny, a nasze dane bezpiecze\u0144stwa s\u0105 regularnie sprawdzane.<\/p><h2>5. Witryny podmiot zewn\u0119trzny<\/h2><p>Niniejsze powiadomienie o ochronie prywatno\u015bci nie ma aplikacji do stron internetowych, kt\u00f3re s\u0105 udost\u0119pniane z linkami na naszej stronie internetowej. Nie mo\u017cna uzyska\u0107 dost\u0119pu, \u017ce te strony zewn\u0119trzne s\u0105 przetwarzane przez twoje dane osobowe w spos\u00f3b dost\u0119pny lub bezpieczny. Zalecane zapoznanie si\u0119 z zasadami ochrony prywatno\u015bci tych witryn przed u\u017cyciem z nich.<\/p><h2>6. Zmiany wprowadzone o ochronie prywatno\u015bci<\/h2><p>Zastrzegamy sobie prawo do stosowania szkodliwych zmian w o\u015bwiadczeniu o ochronie prywatno\u015bci. Wymagane jest sprawdzanie zgodno\u015bci z przepisami o ochronie prywatno\u015bci, aby by\u0107 \u015bwiadomym zmian. B\u0119dziemy aktywnie informowa\u0107, gdy tylko b\u0119dzie to mo\u017cliwe.<\/p><h2>7. Dost\u0119pno\u015b\u0107 i modyfikowanie danych<\/h2><p>Je\u015bli masz pytania lub chcesz wiedzie\u0107, jakie dane osobowe znajduj\u0105 si\u0119 na twoim temacie, otrzymasz z nami. Mo\u017cesz skontaktowa\u0107 si\u0119 z nami, poda\u0107 z informacjami. Przys\u0142uguj\u0105 Ci szczeg\u00f3\u0142owe prawa:<\/p><ul>\n                <li>Masz prawo wiedzie\u0107, dlaczego s\u0105 potrzebne twoje dane osobowe, co si\u0119 z nimi stanie i jak d\u0142ugo b\u0119dziesz u\u017cywany.<\/li>\n                <li>Prawo dost\u0119pu: Masz prawo dost\u0119pu do swoich danych osobowych, kt\u00f3re s\u0105 nam znane.<\/li>\n                <li>Prawo do sprostowania: masz prawo do uzupe\u0142nienia, poprawy, usuni\u0119cia lub blokowania swoich danych osobowych w momencie pojawienia si\u0119.<\/li>\n                <li>Je\u015bli wyrazisz zgod\u0119 na przetwarzanie danych osobowych, mo\u017cesz uzyska\u0107 prawo do cofni\u0119cia tej zgody i usuni\u0119cia danych osobowych.<\/li>\n                <li>Prawo do przenoszenia danych: masz prawo do wszystkich danych osobowych od administratora i obejmuje je w ca\u0142o\u015bci do innego administratora.<\/li>\n                <li>Prawo do sprzeciwu: mo\u017cna sprzeciwi\u0107 si\u0119 przetwarzaniu danych. Przestrzegamy tego, chyba \u017ce podstawa podstaw do leczenia.<\/li>\n            <\/ul><p>Powstaje, \u017ce zawsze jasno okre\u015blonysz, kim jeste\u015b, aby\u015bmy mieli miejsce, \u017ce nie zmodyfikowali\u015bmy ani nie usuwamy \u017cadnych danych, kt\u00f3re pochodz\u0105 od osoby.<\/p><h2>8. Z\u0142o\u017cy\u0107 skarg\u0119<\/h2><p>Je\u015bli nie jeste\u015b skutkiem tego sposobu, w jaki spos\u00f3b obs\u0142ugujemy dane osobowe (skarga dotycz\u0105ce), istnieje prawo do wniesienia skutk\u00f3w do Urz\u0119du Ochrony Danych.<\/p><h2>9. Inspektor ochrony danych<\/h2><p>Nasz Inspektor Ochrony Danych zosta\u0142 zarejestrowany w organie ochrony danych w pa\u0144stwie cz\u0142onkowskim UE. W przypadku pyta\u0144 lub pr\u00f3\u015bb dotycz\u0105cych niniejszej polityki prywatno\u015bci lub Inspektora Ochrony Danych, prosimy o kontakt z Julienem Bergiersem pod adresem e-mail: jbergiers@j2-studio.com<\/p><h2>10. Dane kontaktowe<\/h2><p>Studio JSquare<br \/>\n        44a Rue Haute<br \/>\r\n1435 Corbais<br \/>\r\nBelgia<br \/>\n        Belgia<br \/>\n        Witryna:  <a href=\"https:\/\/vex-play.com\/pl\">https:\/\/vex-play.com\/pl<\/a> <br \/>\n        E-mail: <span class=\"cmplz-obfuscate\">info@<span class=\"cmplz-fmail-domain\">ex.com<\/span>&#118;&#101;x-p&#108;a&#121;.co&#109;<\/span> <br \/>\n        <\/p><h2>Aneks<\/h2><p><h2>Naprawd\u0119 proste zabezpieczenia<\/h2><p>Dodatki Really Simple Security i Really Simple Security nie przetwarzaj\u0105 \u017cadnych danych osobowych, dlatego RODO nie ma zastosowania do tych wtyczek ani do ich u\u017cywania na Twojej stronie internetowej. Nasz\u0105 polityk\u0119 prywatno\u015bci znajdziesz tutaj. <a href=\"https:\/\/really-simple-ssl.com\/privacy-statement\/\">Tutaj<\/a>.<\/p><h2>Tw\u00f3rca wyskakuj\u0105cych okienek<\/h2><p>Cze\u015b\u0107,<\/p><p>Informacje te stanowi\u0105 przewodnik po sekcjach, kt\u00f3re nale\u017cy zmodyfikowa\u0107 ze wzgl\u0119du na korzystanie z Popup Maker i jego rozszerze\u0144.<\/p><p>Poni\u017csze informacje nale\u017cy umie\u015bci\u0107 w odpowiednich sekcjach polityki prywatno\u015bci.<\/p><p><strong>Zastrze\u017cenie:<\/strong> Informacje te stanowi\u0105 jedynie wskaz\u00f3wki i nie nale\u017cy ich uwa\u017ca\u0107 za porad\u0119 prawn\u0105.<\/p><p><strong>Notatka:<\/strong> Niekt\u00f3re z poni\u017cszych informacji, takie jak pliki cookie, s\u0105 generowane dynamicznie. Je\u015bli dodasz lub zmienisz wyskakuj\u0105ce okienka, zobaczysz te dodatki lub zmiany poni\u017cej i b\u0119dziesz musia\u0142\/a odpowiednio zaktualizowa\u0107 swoj\u0105 polityk\u0119.<\/p><h2>Jakie dane osobowe zbieramy i dlaczego je zbieramy<\/h2><h3>Formularze subskrypcji<\/h3><p>Formularze subskrypcji Popup Maker nie s\u0105 domy\u015blnie w\u0142\u0105czone.<\/p><p>Je\u015bli u\u017cy\u0142e\u015b ich w swoich oknach pop-up w celu gromadzenia subskrybent\u00f3w poczty e-mail, w tej podsekcji zanotuj, jakie dane osobowe s\u0105 gromadzone, gdy kto\u015b przesy\u0142a formularz subskrypcji, i jak d\u0142ugo je przechowujesz.<\/p><p>Na przyk\u0142ad mo\u017cesz zaznaczy\u0107, \u017ce przesy\u0142ane przez Ciebie dane zachowujesz w celach marketingowych.<\/p><p>&lt;strong class=&quot;&rdquo;privacy-policy-tutorial&rdquo;&quot;&gt;Proponowany tekst: &lt;\/strong&gt;Je\u015bli wype\u0142nisz formularz subskrypcji na naszej stronie, wyrazisz zgod\u0119 na zapisanie Twojego imienia, adresu e-mail i innych istotnych informacji.<\/p><p>Subskrypcje te s\u0142u\u017c\u0105 do powiadamiania Ci\u0119 o powi\u0105zanych tre\u015bciach, zni\u017ckach i innych ofertach specjalnych.<\/p><p>Mo\u017cesz zrezygnowa\u0107 z subskrypcji lub zrezygnowa\u0107 z niej w dowolnym momencie, klikaj\u0105c na link znajduj\u0105cy si\u0119 na dole dowolnej wiadomo\u015bci e-mail.<\/p><h3>Ciastka<\/h3><p>Popup Maker u\u017cywa plik\u00f3w cookie w wi\u0119kszo\u015bci okienek pop-up. Jego g\u0142\u00f3wn\u0105 funkcj\u0105 jest zapobieganie irytacji u\u017cytkownik\u00f3w wynikaj\u0105cej z ci\u0105g\u0142ego wy\u015bwietlania tego samego okna pop-up.<\/p><p>Mo\u017ce to spowodowa\u0107 zapisanie plik\u00f3w cookie na d\u0142u\u017cszy czas. S\u0105 to pliki cookie nie\u015bledz\u0105ce, u\u017cywane wy\u0142\u0105cznie przez nasze wyskakuj\u0105ce okienka.<\/p><p>Poni\u017cej znajduje si\u0119 lista wszystkich plik\u00f3w cookie zarejestrowanych obecnie w ustawieniach wyskakuj\u0105cego okienka. Mo\u017cesz je ujawni\u0107, je\u015bli zajdzie taka potrzeba.<\/p><table><tr>Nazwa pliku cookieCzas u\u017cytkowania<\/tr><tr>pum-5860Plik cookie s\u0142u\u017c\u0105cy do zapobiegania ci\u0105g\u0142emu wy\u015bwietlaniu wyskakuj\u0105cych okienek.1 miesi\u0105c<\/tr><tr>pum-6319Plik cookie s\u0142u\u017c\u0105cy do zapobiegania ci\u0105g\u0142emu wy\u015bwietlaniu wyskakuj\u0105cych okienek.1 miesi\u0105c<\/tr><\/table><p>&lt;strong class=&quot;&rdquo;privacy-policy-tutorial&rdquo;&quot;&gt;Proponowany tekst: &lt;\/strong&gt;U\u017cywamy anonimowych plik&oacute;w cookie, aby zapobiec wy\u015bwietlaniu u\u017cytkownikom wielokrotnie tego samego okna pop-up. Chcemy w ten spos&oacute;b zapewni\u0107 im przyjemniejsze korzystanie ze strony, a jednocze\u015bnie dostarcza\u0107 im aktualne komunikaty.<\/p><h3>Analityka<\/h3><p>Popup Maker anonimowo \u015bledzi liczb\u0119 wy\u015bwietle\u0144 i konwersji wyskakuj\u0105cych okienek.<\/p><h2>Jak d\u0142ugo przechowujemy Twoje dane<\/h2><p>Informacje o subskrybentach s\u0105 przechowywane w lokalnej bazie danych na czas nieokre\u015blony w celach analitycznych, \u015bledz\u0105cych i na potrzeby przysz\u0142ego eksportu.<\/p><p>Dane zostan\u0105 wyeksportowane lub usuni\u0119te na pro\u015bb\u0119 u\u017cytkownika za po\u015brednictwem istniej\u0105cego Eksportera lub Gumki.<\/p><p>W przypadku synchronizacji danych z us\u0142ug\u0105 zewn\u0119trzn\u0105 (na przyk\u0142ad Mailchimp) dane b\u0119d\u0105 tam przechowywane do momentu wypisania si\u0119 z subskrypcji lub usuni\u0119cia.<\/p><h2>Gdzie wysy\u0142amy Twoje dane<\/h2><p>Domy\u015blnie Popup Maker nie wysy\u0142a \u017cadnych danych u\u017cytkownika poza Twoj\u0105 witryn\u0119.<\/p><p>Je\u015bli rozszerzy\u0142e\u015b nasze formularze subskrypcji o przesy\u0142anie danych do us\u0142ug zewn\u0119trznych, takich jak Mailchimp, dane u\u017cytkownika mog\u0105 zosta\u0107 przekazane tym us\u0142ugom zewn\u0119trznym. Us\u0142ugi te mog\u0105 by\u0107 zlokalizowane za granic\u0105.<\/p><\/p><\/div>","protected":false},"excerpt":{"rendered":"","protected":false},"author":2,"featured_media":0,"parent":0,"menu_order":0,"comment_status":"closed","ping_status":"closed","template":"","meta":{"footnotes":""},"class_list":["post-7497","page","type-page","status-publish"],"aioseo_notices":[],"_links":{"self":[{"href":"https:\/\/vex-play.com\/pl\/wp-json\/wp\/v2\/pages\/7497","targetHints":{"allow":["GET"]}}],"collection":[{"href":"https:\/\/vex-play.com\/pl\/wp-json\/wp\/v2\/pages"}],"about":[{"href":"https:\/\/vex-play.com\/pl\/wp-json\/wp\/v2\/types\/page"}],"author":[{"embeddable":true,"href":"https:\/\/vex-play.com\/pl\/wp-json\/wp\/v2\/users\/2"}],"replies":[{"embeddable":true,"href":"https:\/\/vex-play.com\/pl\/wp-json\/wp\/v2\/comments?post=7497"}],"version-history":[{"count":0,"href":"https:\/\/vex-play.com\/pl\/wp-json\/wp\/v2\/pages\/7497\/revisions"}],"wp:attachment":[{"href":"https:\/\/vex-play.com\/pl\/wp-json\/wp\/v2\/media?parent=7497"}],"curies":[{"name":"wp","href":"https:\/\/api.w.org\/{rel}","templated":true}]}}