{"id":7497,"date":"2024-06-14T14:37:45","date_gmt":"2024-06-14T14:37:45","guid":{"rendered":"https:\/\/vex-play.com\/privacy-statement-eu\/"},"modified":"2024-06-14T14:37:45","modified_gmt":"2024-06-14T14:37:45","slug":"privacy-statement-eu","status":"publish","type":"page","link":"https:\/\/vex-play.com\/pt\/privacy-statement-eu\/","title":{"rendered":"Privacy Statement (EU)"},"content":{"rendered":"<!-- Legal document generated by Complianz | GDPR\/CCPA Cookie Consent https:\/\/wordpress.org\/plugins\/complianz-gdpr -->\n<div id=\"cmplz-document\" class=\"cmplz-document privacy-statement cmplz-document-eu\"><p><i>Esta declara\u00e7\u00e3o de privacidade foi atualizada pela \u00faltima vez em Novembro 21, 2025 e se aplica a cidad\u00e3os e residentes legais permanentes do Espa\u00e7o Econ\u00f3mico Europeu e Su\u00ed\u00e7a.<\/i><br \/><br \/><\/p><p><p>Nesta declara\u00e7\u00e3o de privacidade, explicamos o que fazemos com os dados que obtemos sobre si por meio de <a href=\"https:\/\/vex-play.com\/pt\">https:\/\/vex-play.com\/pt<\/a>. Recomendamos que leia atentamente esta declara\u00e7\u00e3o. No nosso processamento, cumprimos os requisitos da legisla\u00e7\u00e3o de privacidade. Isso significa, entre outras coisas, que:<\/p><ul>\n                <li>declaramos claramente as espec\u00edficas para quais processamos dados pessoais. Fazemos isso por meio desta declara\u00e7\u00e3o de privacidade;<\/li>\n                <li>apenas limitamos a nossa coleta de dados pessoais apenas aos dados pessoais necess\u00e1rios para fins leg\u00edtimos;<\/li>\n                <li>primeiro solicitamos seu consentimento expl\u00edcito para processar seus dados pessoais nos casos que requerem seu consentimento;<\/li>\n                <li>tomamos medidas de seguran\u00e7a adequadas para proteger seus dados pessoais e tamb\u00e9m exigimos isso de partes que processam dados pessoais em nosso nome;<\/li>\n                <li>respeitamos o seu direito de acesso aos seus dados pessoais, corrigidos ou apag\u00e1-los, a seu pedido.<\/li>\n            <\/ul><p>Se voc\u00ea tiver alguma d\u00favida ou quiser saber exatamente quais dados mantemos de si, entre em contato conosco.<\/p><\/p><h2>1. Objetivo, dados e per\u00edodo de reten\u00e7\u00e3o<\/h2>Podemos coletar ou obter informa\u00e7\u00f5es pessoais para v\u00e1rios fins relacionados \u00e0s nossas opera\u00e7\u00f5es comerciais, que podem incluir o seguinte: (clique para expandir)<details class=\"cmplz-dropdown dropdown-privacy-statement\"><summary><div><h3>1.1 Contato \u2013 Atrav\u00e9s de telefone, correio, e-mail e\/ou formul\u00e1rios web<\/h3><\/div><\/summary><p class=\"cmplz-subtitle\">Para tanto, usamos os seguintes dados:<\/p><p><ul><li>Um nome e um apelido<\/li><li>Um endere\u00e7o de e-mail<\/li><li>Um n\u00famero de telefone<\/li><\/ul><\/p><p class=\"cmplz-subtitle\">A base pela qual podemos processar esses dados \u00e9:<\/p><p><a target=\"_blank\" rel=\"noopener noreferrer nofollow\" href=\"https:\/\/cookiedatabase.org\/legal-bases\/#consent\">Mediante a concess\u00e3o da assinatura.<\/a><\/p><p class=\"cmplz-subtitle\">Per\u00edodo de reten\u00e7\u00e3o<\/p><p>Retemos esses dados ap\u00f3s o encerramento do servi\u00e7o pelo seguinte n\u00famero de meses: 60<\/p><\/details><details class=\"cmplz-dropdown dropdown-privacy-statement\"><summary><div><h3>1.2 Boletins informativos<\/h3><\/div><\/summary><p class=\"cmplz-subtitle\">Para tanto, usamos os seguintes dados:<\/p><p><ul><li>Um nome e um apelido<\/li><li>Um n\u00famero de telefone<\/li><li>Um endere\u00e7o de e-mail<\/li><\/ul><\/p><p class=\"cmplz-subtitle\">A base pela qual podemos processar esses dados \u00e9:<\/p><p><a target=\"_blank\" rel=\"noopener noreferrer nofollow\" href=\"https:\/\/cookiedatabase.org\/legal-bases\/#consent\">Mediante a concess\u00e3o da assinatura.<\/a><\/p><p class=\"cmplz-subtitle\">Per\u00edodo de reten\u00e7\u00e3o<\/p><p>Retemos esses dados ap\u00f3s o encerramento do servi\u00e7o pelo seguinte n\u00famero de meses: 60<\/p><\/details><h2>2. Biscoitos<\/h2><p>Nosso site usa cookies. Para obter mais informa\u00e7\u00f5es sobre cookies, consulte nosso <a href=\"https:\/\/vex-play.com\/pt\/cookie-policy-eu\/\">Pol\u00edtica de Cookies<\/a>.&nbsp;<\/p><h2>3. Pr\u00e1ticas de divulga\u00e7\u00e3o<\/h2><p><p>Divulgamos informa\u00e7\u00f5es pessoais se formos obrigados por lei ou por ordem judicial, em resposta a uma ag\u00eancia de aplica\u00e7\u00e3o da lei, na medida permitida por outras disposi\u00e7\u00f5es da lei, para fornecer informa\u00e7\u00f5es ou para uma investiga\u00e7\u00e3o sobre um assunto relacionado \u00e0 seguran\u00e7a p\u00fablica.<\/p><p>Se o nosso site ou organiza\u00e7\u00e3o para aquisi\u00e7\u00e3o, venda ou estiver envolvido numa fus\u00e3o ou aquisi\u00e7\u00e3o, seus dados poder\u00e3o ser divulgados aos nossos consultores e a quaisquer potenciais compradores e ser\u00e3o repassados \u200b\u200b\u200b\u200baos novos propriet\u00e1rios.<\/p><\/p><p>Conclu\u00edmos um acordo de processamento de dados com o Google.<\/p><p>A inclus\u00e3o de endere\u00e7os IP completos est\u00e1 bloqueada por n\u00f3s.<\/p><h2>4. Seguran\u00e7a<\/h2><p>Estamos comprometidos com a seguran\u00e7a dos dados pessoais. Tomamos medidas de seguran\u00e7a adequadas para limitar o abuso e o acesso n\u00e3o autorizado aos dados pessoais. Isso garante que apenas as pessoas possam ter acesso aos seus dados, que o acesso aos dados seja protegido e que nossas medidas de seguran\u00e7a sejam revistas regularmente.<\/p><h2>5. Sites de territoriais<\/h2><p>Esta declara\u00e7\u00e3o de privacidade n\u00e3o se aplica a sites de terceiros ligados a links do nosso site. N\u00e3o podemos garantir que esses terceiros utilizem seus dados pessoais de maneira confi\u00e1vel ou segura. Recomendamos que leia as declara\u00e7\u00f5es de privacidade desses sites antes de fazer uso deles.<\/p><h2>6. Altera\u00e7\u00f5es a esta declara\u00e7\u00e3o de privacidade<\/h2><p>Reservamo-nos o direito de fazer altera\u00e7\u00f5es a esta declara\u00e7\u00e3o de privacidade. \u00c9 conveniente que consulte esta declara\u00e7\u00e3o de privacidade regularmente, a fim de estar ciente de quaisquer altera\u00e7\u00f5es. Al\u00e9m disso, iremos inform\u00e1-lo sempre que poss\u00edvel.<\/p><h2>7. Aceder e modificar seus dados<\/h2><p>Se voc\u00ea tiver alguma d\u00favida ou quiser saber quais dados pessoais temos sobre voc\u00ea, entre em contato conosco. Podemos entrar em contato usando as informa\u00e7\u00f5es abaixo. Tem os seguintes direitos:<\/p><ul>\n                <li>Tem o direito de saber porque seus dados pessoais s\u00e3o necess\u00e1rios, o que acontecer\u00e1 com eles e por quanto tempo ser\u00e3o retidos.<\/li>\n                <li>Direito de acesso: tem o direito de acessar aos seus dados pessoais que s\u00e3o conhecidos por n\u00f3s.<\/li>\n                <li>Direito \u00e0 retifica\u00e7\u00e3o: tem o direito de complementar, concordar, excluir ou bloquear seus dados pessoais sempre que desejar.<\/li>\n                <li>Se nos der a sua autoriza\u00e7\u00e3o para processar os seus dados, tem o direito de revogar essa autoriza\u00e7\u00e3o e de ter os seus dados pessoais eliminados.<\/li>\n                <li>Direito de transferir os seus dados: tem o direito de pedir todos os seus dados pessoais ao controlador e transferi-los integralmente para outro controlador.<\/li>\n                <li>Direito de contestar: pode-se operar ao processamento de seus dados. Cumprimos isso, a menos que haja motivos justificados para o processamento.<\/li>\n            <\/ul><p>-se de sempre declarar claramente quem \u00e9, para que possamos ter a certeza de que n\u00e3o modificaremos ou excluiremos quaisquer dados da pessoa errada.<\/p><h2>8. Enviar uma reclama\u00e7\u00e3o<\/h2><p>Se n\u00e3o estiver satisfeito com a forma como tratamos (uma consulta sobre) o processamento dos seus dados pessoais, tem o direito de apresentar uma consulta \u00e0 Autoridade de Prote\u00e7\u00e3o de Dados.<\/p><h2>9. Carregador de Prote\u00e7\u00e3o de Dados<\/h2><p>Nosso Encarregado de Prote\u00e7\u00e3o de Dados foi registrado na Autoridade de Prote\u00e7\u00e3o de Dados de um Estado-Membro da UE. Se voc\u00ea tiver quaisquer perguntas ou obriga\u00e7\u00f5es em rela\u00e7\u00e3o a esta declara\u00e7\u00e3o de privacidade ou para o Respons\u00e1vel de Prote\u00e7\u00e3o de Dados, entre em contato com Julien Bergiers, atrav\u00e9s do e-mail jbergiers@j2-studio.com.<\/p><h2>10. Detalhes do contato<\/h2><p>Est\u00fadio JSquare<br \/>\n        44a Rua Haute<br \/>\r\n1435 Corbais<br \/>\r\nB\u00e9lgica<br \/>\n        B\u00e9lgica<br \/>\n        Local na rede Internet: <a href=\"https:\/\/vex-play.com\/pt\">https:\/\/vex-play.com\/pt<\/a> <br \/>\n        E-mail: <span class=\"cmplz-obfuscate\">info@<span class=\"cmplz-fmail-domain\">ex.com<\/span>v&#101;x-&#112;&#108;&#097;y.co&#109;<\/span> <br \/>\n        <\/p><h2>Anexo<\/h2><p><h2>Seguran\u00e7a Realmente Simples<\/h2><p>O Really Simple Security e seus complementos n\u00e3o processam nenhuma informa\u00e7\u00e3o pessoal identific\u00e1vel, portanto, o GDPR n\u00e3o se aplica a esses plugins nem ao uso deles em seu site. Voc\u00ea pode encontrar nossa pol\u00edtica de privacidade aqui. <a href=\"https:\/\/really-simple-ssl.com\/privacy-statement\/\">aqui<\/a>.<\/p><h2>Criador de Pop-ups<\/h2><p>Ol\u00e1,<\/p><p>Esta informa\u00e7\u00e3o serve como um guia sobre quais se\u00e7\u00f5es precisam ser modificadas devido ao uso do Popup Maker e suas extens\u00f5es.<\/p><p>Voc\u00ea deve incluir as informa\u00e7\u00f5es abaixo nas se\u00e7\u00f5es corretas da sua pol\u00edtica de privacidade.<\/p><p><strong>Isen\u00e7\u00e3o de responsabilidade:<\/strong> Esta informa\u00e7\u00e3o serve apenas como orienta\u00e7\u00e3o e n\u00e3o deve ser considerada como aconselhamento jur\u00eddico.<\/p><p><strong>Observa\u00e7\u00e3o:<\/strong> Algumas das informa\u00e7\u00f5es abaixo s\u00e3o geradas dinamicamente, como cookies. Se voc\u00ea adicionar ou alterar pop-ups, ver\u00e1 essas adi\u00e7\u00f5es ou altera\u00e7\u00f5es abaixo e precisar\u00e1 atualizar sua pol\u00edtica de acordo.<\/p><h2>Que dados pessoais coletamos e por que os coletamos.<\/h2><h3>Formul\u00e1rios de inscri\u00e7\u00e3o<\/h3><p>Os formul\u00e1rios de inscri\u00e7\u00e3o do Popup Maker n\u00e3o est\u00e3o ativados por padr\u00e3o.<\/p><p>Se voc\u00ea utilizou esses recursos em seus pop-ups para coletar assinantes de e-mail, use esta subse\u00e7\u00e3o para registrar quais dados pessoais s\u00e3o coletados quando algu\u00e9m envia um formul\u00e1rio de inscri\u00e7\u00e3o e por quanto tempo voc\u00ea os armazena.<\/p><p>Por exemplo, voc\u00ea pode observar que mant\u00e9m os envios de formul\u00e1rios para fins de marketing cont\u00ednuo.<\/p><p>&lt;strong class=&quot;&rdquo;privacy-policy-tutorial&rdquo;&quot;&gt;Texto sugerido: &lt;\/strong&gt;Ao enviar um formul&aacute;rio de inscri&ccedil;&atilde;o em nosso site, voc&ecirc; estar&aacute; optando por permitir que salvemos seu nome, endere&ccedil;o de e-mail e outras informa&ccedil;&otilde;es relevantes.<\/p><p>Essas assinaturas s\u00e3o usadas para notific\u00e1-lo sobre conte\u00fado relacionado, descontos e outras ofertas especiais.<\/p><p>Voc\u00ea pode optar por n\u00e3o receber mais nossos e-mails ou cancelar sua inscri\u00e7\u00e3o a qualquer momento clicando no link no rodap\u00e9 de qualquer e-mail.<\/p><h3>Cookies<\/h3><p>O Popup Maker utiliza cookies na maioria dos pop-ups. A principal fun\u00e7\u00e3o \u00e9 evitar que os usu\u00e1rios se irritem ao verem o mesmo pop-up repetidamente.<\/p><p>Isso pode resultar no armazenamento de cookies por um per\u00edodo prolongado. Esses cookies n\u00e3o s\u00e3o de rastreamento e s\u00e3o usados apenas pelos nossos pop-ups.<\/p><p>Abaixo encontra-se uma lista de todos os cookies atualmente registados nas suas defini\u00e7\u00f5es de pop-up. Estes cookies est\u00e3o dispon\u00edveis para que os possa ativar ou desativar, caso assim o deseje.<\/p><table><tr>Nome do Cookie: Tempo de Uso<\/tr><tr>pum-5860 Cookie usado para impedir que o pop-up seja exibido repetidamente. 1 m\u00eas<\/tr><tr>pum-6319Cookie usado para impedir que o pop-up seja exibido repetidamente. 1 m\u00eas<\/tr><\/table><p>&lt;strong class=&quot;&rdquo;privacy-policy-tutorial&rdquo;&quot;&gt;Texto sugerido: &lt;\/strong&gt;Utilizamos cookies an&ocirc;nimos para evitar que os usu&aacute;rios vejam o mesmo pop-up repetidamente, numa tentativa de tornar a experi&ecirc;ncia do usu&aacute;rio mais agrad&aacute;vel, sem deixar de entregar mensagens urgentes.<\/p><h3>An\u00e1lises<\/h3><p>O Popup Maker rastreia anonimamente as visualiza\u00e7\u00f5es e convers\u00f5es de pop-ups.<\/p><h2>Por quanto tempo retemos seus dados<\/h2><p>As informa\u00e7\u00f5es dos assinantes s\u00e3o armazenadas indefinidamente no banco de dados local para fins de an\u00e1lise e rastreamento, bem como para futura exporta\u00e7\u00e3o.<\/p><p>Os dados ser\u00e3o exportados ou removidos mediante solicita\u00e7\u00e3o do usu\u00e1rio por meio do Exportador ou Apagador existente.<\/p><p>Ao sincronizar dados com um servi\u00e7o de terceiros (por exemplo, Mailchimp), os dados s\u00e3o retidos at\u00e9 que a inscri\u00e7\u00e3o seja cancelada ou os dados sejam exclu\u00eddos.<\/p><h2>Para onde enviamos seus dados<\/h2><p>Por padr\u00e3o, o Popup Maker n\u00e3o envia nenhum dado do usu\u00e1rio para fora do seu site.<\/p><p>Se voc\u00ea configurou nossos formul\u00e1rios de inscri\u00e7\u00e3o para enviar dados a um servi\u00e7o de terceiros, como o Mailchimp, as informa\u00e7\u00f5es do usu\u00e1rio podem ser repassadas a esses servi\u00e7os externos. Esses servi\u00e7os podem estar localizados no exterior.<\/p><\/p><\/div>","protected":false},"excerpt":{"rendered":"","protected":false},"author":2,"featured_media":0,"parent":0,"menu_order":0,"comment_status":"closed","ping_status":"closed","template":"","meta":{"footnotes":""},"class_list":["post-7497","page","type-page","status-publish"],"aioseo_notices":[],"_links":{"self":[{"href":"https:\/\/vex-play.com\/pt\/wp-json\/wp\/v2\/pages\/7497","targetHints":{"allow":["GET"]}}],"collection":[{"href":"https:\/\/vex-play.com\/pt\/wp-json\/wp\/v2\/pages"}],"about":[{"href":"https:\/\/vex-play.com\/pt\/wp-json\/wp\/v2\/types\/page"}],"author":[{"embeddable":true,"href":"https:\/\/vex-play.com\/pt\/wp-json\/wp\/v2\/users\/2"}],"replies":[{"embeddable":true,"href":"https:\/\/vex-play.com\/pt\/wp-json\/wp\/v2\/comments?post=7497"}],"version-history":[{"count":0,"href":"https:\/\/vex-play.com\/pt\/wp-json\/wp\/v2\/pages\/7497\/revisions"}],"wp:attachment":[{"href":"https:\/\/vex-play.com\/pt\/wp-json\/wp\/v2\/media?parent=7497"}],"curies":[{"name":"wp","href":"https:\/\/api.w.org\/{rel}","templated":true}]}}